{"id":301,"date":"2016-02-21T22:17:41","date_gmt":"2016-02-21T22:17:41","guid":{"rendered":"http:\/\/demo.vegatheme.com\/gocargo\/?page_id=301"},"modified":"2022-03-17T22:26:55","modified_gmt":"2022-03-17T22:26:55","slug":"home-3","status":"publish","type":"page","link":"https:\/\/tgo.mx\/","title":{"rendered":"Home 3"},"content":{"rendered":"<p>[vc_row fullwidth=&#8221;yes&#8221; css=&#8221;.vc_custom_1456216676316{padding-top: 0px !important;padding-bottom: 0px !important;background-image: url(https:\/\/tgo.mx\/wp-content\/uploads\/2016\/02\/bg_2.jpg?id=313) !important;}&#8221;][vc_column]\t\n\n\t<article id=\"section-intro\" class=\"no-padding autoheight light-text \"  style=\"background-image:url('https:\/\/tgo.mx\/wp-content\/uploads\/2020\/02\/2.jpg');\"  data-stellar-background-ratio=\"0.5\">\n        <div class=\"center-y\">\n            <div class=\"inner text-center\">\n            \t\t\n                \n                <div class=\"divider-double\"><\/div>\n                <div class=\"type-wrap title big\">\n                    <div class=\"typed-strings\">\n\t\t\t\t\t\t\t\t\t\t\t\t\t<p>TRANSPORTES GR\u00c1FICOS <\/p>     \n\t\t\t\t\t\t                    <\/div>\n                    <span class=\"typed\"><\/span>\n                <\/div>\n\n                 \n\n                <div class=\"divider-double\"><\/div>\n            <\/div>\n        <\/div>\n    <\/article>\n    \n[\/vc_column][\/vc_row][vc_row el_id=&#8221;ac&#8221; el_class=&#8221;ac&#8221;][vc_column width=&#8221;1\/3&#8243;]\t\t\t\n\t\n\t<div class=\"about-box2 \">\n\t\t<img src=\"https:\/\/tgo.mx\/wp-content\/uploads\/2016\/01\/pic-1-2.jpg\" class=\"img-responsive\" alt=\"pic-1\">\n        <div class=\"divider-single\"><\/div>\n        <h2>MISI\u00d3N<\/h2>\n        <div class=\"tiny-border\"><\/div>\n        Soluciones log\u00edsticas<br \/>\nFacilitar soluciones log\u00edsticas basadas en la excelencia operacional e informativa a trav\u00e9s de nuestro talento humano, enfocados siempre al cliente y aliados estrat\u00e9gicos, innovando con herramientas tecnol\u00f3gicas vanguardistas.        <div class=\"button_box\">\n\t        \t\t<\/div>\n    <\/div>\n    \n[\/vc_column][vc_column width=&#8221;1\/3&#8243;]\t\t\t\n\t\n\t<div class=\"about-box2 \">\n\t\t<img src=\"https:\/\/tgo.mx\/wp-content\/uploads\/2016\/01\/pic-2-2.jpg\" class=\"img-responsive\" alt=\"pic-2\">\n        <div class=\"divider-single\"><\/div>\n        <h2>VISI\u00d3N<\/h2>\n        <div class=\"tiny-border\"><\/div>\n        Hacer del mundo log\u00edstico la mejor experiencia.        <div class=\"button_box\">\n\t        \t\t<\/div>\n    <\/div>\n    \n[\/vc_column][vc_column width=&#8221;1\/3&#8243;]\t\t\t\n\t\n\t<div class=\"about-box2 \">\n\t\t<img src=\"https:\/\/tgo.mx\/wp-content\/uploads\/2020\/03\/weqwewq.jpg\" class=\"img-responsive\" alt=\"\">\n        <div class=\"divider-single\"><\/div>\n        <h2>VALORES<\/h2>\n        <div class=\"tiny-border\"><\/div>\n        Creemos en la calidad humana y la cultura del esfuerzo como caracter\u00edsticas principales de la familia TGO, basada en los siguientes cuatro valores.        <div class=\"button_box\">\n\t        \t\t<\/div>\n    <\/div>\n    \n[\/vc_column][\/vc_row][vc_row img_halfrow=&#8221;yes&#8221; halfrow_image=&#8221;492&#8243; img_columns=&#8221;6columns&#8221; img_position=&#8221;imgright&#8221; css=&#8221;.vc_custom_1585178117313{background-color: #d03232 !important;}&#8221;][vc_column offset=&#8221;vc_col-md-5&#8243;]\t\n    <div id=\"testi-carousel-69d9e63fc64bf\" class=\"testi-slider testi-carousel wow fadeIn\" data-wow-delay=\"0s\" data-wow-duration=\"1s\">\n                    <div class=\"item\">\n                <blockquote>\n                    <p>Mantenemos el equilibrio de la organizaci\u00f3n a trav\u00e9s de un modelo econ\u00f3mico sostenible y socialmente responsable.<\/p>\n                <\/blockquote>\n                <span class=\"testi-by\">\n\t\t\t\t\t<strong>Sostenibilidad<\/strong>                     \t\t\t\t<\/span>\n            <\/div>\n                    <div class=\"item\">\n                <blockquote>\n                    <p>Vivimos nuestro trabajo con pasi\u00f3n, intentando siempre exceder las expectativas de nuestros clientes.<\/p>\n                <\/blockquote>\n                <span class=\"testi-by\">\n\t\t\t\t\t<strong>Compromiso<\/strong>                     \t\t\t\t<\/span>\n            <\/div>\n                    <div class=\"item\">\n                <blockquote>\n                    <p>Actuamos siempre fieles a la empresa y a nuestros colaboradores.<\/p>\n                <\/blockquote>\n                <span class=\"testi-by\">\n\t\t\t\t\t<strong>Lealtad<\/strong>                     \t\t\t\t<\/span>\n            <\/div>\n                    <div class=\"item\">\n                <blockquote>\n                    <p>Defendemos la verdad y la coherencia con nuestro equipo de trabajo, clientes y socios comerciales, siguiendo el c\u00f3digo \u00e9tico de TGO.<\/p>\n                <\/blockquote>\n                <span class=\"testi-by\">\n\t\t\t\t\t<strong>Honestidad<\/strong>                     \t\t\t\t<\/span>\n            <\/div>\n            <\/div>\n    <script type=\"text\/javascript\">\n    \tjQuery(document).ready(function() {\t\t\n\t\t\t'use strict';\n\t\t\tjQuery(\"#testi-carousel-69d9e63fc64bf\").owlCarousel({\n\t\t\t    items : 1,\n\t\t\t\titemsDesktop : [1199,1],\n\t\t\t\titemsDesktopSmall : [980,1],\n\t\t\t    itemsTablet: [768,1],\n\t\t\t    itemsTabletSmall: false,\n\t\t\t    itemsMobile : [479,1],\n\t\t\t    navigation : false,\n\t\t\t\tautoHeight : true,\n\t\t    });\n\t\t});\n    <\/script>\n\t                \n[\/vc_column][\/vc_row][vc_row el_id=&#8221;cl&#8221; el_class=&#8221;cl&#8221;][vc_column width=&#8221;1\/3&#8243; animate=&#8221;fadinright&#8221; delay=&#8221;.2&#8243; duration=&#8221;.5&#8243; offset=&#8221;vc_col-md-2 vc_col-xs-4&#8243;][vc_single_image image=&#8221;494&#8243; img_size=&#8221;full&#8221; css=&#8221;.vc_custom_1585181631097{margin-bottom: 0px !important;}&#8221;][\/vc_column][vc_column width=&#8221;1\/3&#8243; animate=&#8221;fadinright&#8221; delay=&#8221;.5&#8243; duration=&#8221;.5&#8243; offset=&#8221;vc_col-md-2 vc_col-xs-4&#8243;][vc_single_image image=&#8221;571&#8243; img_size=&#8221;full&#8221; css=&#8221;.vc_custom_1647555908950{margin-bottom: 0px !important;}&#8221;][\/vc_column][vc_column width=&#8221;1\/3&#8243; animate=&#8221;fadinright&#8221; delay=&#8221;.8&#8243; duration=&#8221;.5&#8243; offset=&#8221;vc_col-md-2 vc_col-xs-4&#8243;][vc_single_image image=&#8221;574&#8243; img_size=&#8221;full&#8221; css=&#8221;.vc_custom_1647556009413{margin-bottom: 0px !important;}&#8221;][\/vc_column][vc_column width=&#8221;1\/3&#8243; animate=&#8221;fadinright&#8221; delay=&#8221;1.1&#8243; duration=&#8221;.5&#8243; offset=&#8221;vc_col-md-2 vc_col-xs-4&#8243;][vc_single_image image=&#8221;497&#8243; img_size=&#8221;full&#8221; css=&#8221;.vc_custom_1585181680393{margin-bottom: 0px !important;}&#8221;][\/vc_column][vc_column width=&#8221;1\/3&#8243; animate=&#8221;fadinright&#8221; delay=&#8221;1.4&#8243; duration=&#8221;.5&#8243; offset=&#8221;vc_col-md-2 vc_col-xs-4&#8243;][vc_single_image image=&#8221;498&#8243; img_size=&#8221;full&#8221; css=&#8221;.vc_custom_1585181698482{margin-bottom: 0px !important;}&#8221;][\/vc_column][vc_column width=&#8221;1\/3&#8243; animate=&#8221;fadinright&#8221; delay=&#8221;1.7&#8243; duration=&#8221;.5&#8243; offset=&#8221;vc_col-md-2 vc_col-xs-4&#8243;][vc_single_image image=&#8221;499&#8243; img_size=&#8221;full&#8221; css=&#8221;.vc_custom_1585181712975{margin-bottom: 0px !important;}&#8221;][\/vc_column][\/vc_row][vc_row css=&#8221;.vc_custom_1585866289492{padding-bottom: 0px !important;background-color: #eeeeee !important;}&#8221; el_id=&#8221;pd&#8221; el_class=&#8221;pd&#8221;][vc_column width=&#8221;1\/2&#8243; css=&#8221;.vc_custom_1456092140749{margin-bottom: 30px !important;}&#8221;][vc_column_text]<\/p>\n<h2>Principales destinos<\/h2>\n<ul>\n<li>Veracruz<\/li>\n<li>Quer\u00e9taro<\/li>\n<li>CDMX<\/li>\n<li>Oaxaca<\/li>\n<li>Monterrey<\/li>\n<li>Jalisco<\/li>\n<li>Manzanillo<\/li>\n<li>Tampico<\/li>\n<\/ul>\n<p>[\/vc_column_text][\/vc_column][vc_column width=&#8221;1\/2&#8243;][vc_column_text]<\/p>\n<div style=\"width: 640px;\" class=\"wp-video\"><!--[if lt IE 9]><script>document.createElement('video');<\/script><![endif]-->\n<video class=\"wp-video-shortcode\" id=\"video-78-1\" width=\"640\" height=\"360\" preload=\"metadata\" controls=\"controls\"><source type=\"video\/mp4\" src=\"https:\/\/tgo.mx\/wp-content\/uploads\/2020\/04\/CAMIONES.mp4?_=1\" \/><a href=\"https:\/\/tgo.mx\/wp-content\/uploads\/2020\/04\/CAMIONES.mp4\">https:\/\/tgo.mx\/wp-content\/uploads\/2020\/04\/CAMIONES.mp4<\/a><\/video><\/div>\n<p>[\/vc_column_text][\/vc_column][\/vc_row][vc_row el_id=&#8221;pv&#8221; el_class=&#8221;pv&#8221;][vc_column width=&#8221;1\/2&#8243;][vc_images_carousel images=&#8221;504,505,506&#8243; img_size=&#8221;full&#8221; onclick=&#8221;link_no&#8221; speed=&#8221;3000&#8243; autoplay=&#8221;yes&#8221; hide_pagination_control=&#8221;yes&#8221;][\/vc_column][vc_column width=&#8221;1\/2&#8243;][vc_empty_space height=&#8221;120px&#8221;][vc_column_text]<\/p>\n<h2>Parque\u00a0 Vehicular<\/h2>\n<p>Contamos con el transporte de primera calidad para que usted tenga la seguridad de punto a punto, recibir el mejor servicio<\/p>\n<ul>\n<li>Trailer Volvo VNL 760<\/li>\n<li>Thorton\u00a0 International 12 tons.<\/li>\n<li>Full<\/li>\n<li>Doble Remolque (50 tons.)<\/li>\n<li>Trailer caja seca ( 53 pies, 25 tons)<\/li>\n<li>Trailer caja seca (40 pies, 25 tons.)<\/li>\n<\/ul>\n<p>[\/vc_column_text][\/vc_column][\/vc_row][vc_row][vc_column width=&#8221;1\/2&#8243;][vc_column_text]<\/p>\n<h2>Centro de Monitoreo<\/h2>\n<ul>\n<li>Monitoreo Satelital 24\/7<\/li>\n<li>Bloqueo remoto de unidad<\/li>\n<li>Bot\u00f3n de p\u00e1nico<\/li>\n<li>Detecci\u00f3n de eventos<\/li>\n<li>Seguridad privada<\/li>\n<\/ul>\n<p>[\/vc_column_text][\/vc_column][vc_column width=&#8221;1\/2&#8243;][vc_images_carousel images=&#8221;507&#8243; img_size=&#8221;full&#8221; onclick=&#8221;link_no&#8221; speed=&#8221;3000&#8243; autoplay=&#8221;yes&#8221; hide_pagination_control=&#8221;yes&#8221;][\/vc_column][\/vc_row][vc_row][vc_column][vc_custom_heading text=&#8221;CONTACTO&#8221; font_container=&#8221;tag:h2|text_align:center&#8221; use_theme_fonts=&#8221;yes&#8221;][vc_row_inner][vc_column_inner width=&#8221;1\/3&#8243;]\t\t\t\n\t\n\t<div class=\"feature-box \">\n        <i class=\"icon- wow zoomIn\" data-wow-delay=\"0s\"><\/i>\n        <div class=\"text wow fadeIn\" data-wow-delay=\".2s\">\n            <h3>\n\t              \n\t\t\t\t\t\t\t\t\t \n\t\t\t<\/h3>\n                    <\/div>\n    <\/div>\n    \n[\/vc_column_inner][vc_column_inner width=&#8221;1\/3&#8243;]\t\t\t\n\t\n\t<div class=\"feature-box \">\n        <i class=\"icon- wow zoomIn\" data-wow-delay=\"0s\"><\/i>\n        <div class=\"text wow fadeIn\" data-wow-delay=\".2s\">\n            <h3>\n\t              \n\t\t\t\t\t\t\t\t\t \n\t\t\t<\/h3>\n                    <\/div>\n    <\/div>\n    \n[\/vc_column_inner][vc_column_inner width=&#8221;1\/3&#8243;][vc_empty_space height=&#8221;64px&#8221;][\/vc_column_inner][\/vc_row_inner][vc_row_inner el_id=&#8221;cnt&#8221; el_class=&#8221;cnt&#8221;][vc_column_inner][vc_column_text]Ponemos a su disposici\u00f3n nuestras opciones de contacto<\/p>\n<p>Tel. Oficina: 2222828117<\/p>\n<p>Email: contacto@tgo.mx<\/p>\n<p>Formulario de contacto:[\/vc_column_text]<div role=\"form\" class=\"wpcf7\" id=\"wpcf7-f335-o1\" lang=\"en-US\" dir=\"ltr\">\n<div class=\"screen-reader-response\"><\/div>\n<form action=\"\/index.php?rest_route=%2Fwp%2Fv2%2Fpages%2F301#wpcf7-f335-o1\" method=\"post\" class=\"wpcf7-form\" novalidate=\"novalidate\">\n<div style=\"display: none;\">\n<input type=\"hidden\" name=\"_wpcf7\" value=\"335\" \/>\n<input type=\"hidden\" name=\"_wpcf7_version\" value=\"5.1.7\" \/>\n<input type=\"hidden\" name=\"_wpcf7_locale\" value=\"en_US\" \/>\n<input type=\"hidden\" name=\"_wpcf7_unit_tag\" value=\"wpcf7-f335-o1\" \/>\n<input type=\"hidden\" name=\"_wpcf7_container_post\" value=\"0\" \/>\n<\/div>\n<div class=\"col-md-6 margin-bot-30\">\n<span class=\"wpcf7-form-control-wrap your-name\"><input type=\"text\" name=\"your-name\" value=\"\" size=\"40\" class=\"wpcf7-form-control wpcf7-text wpcf7-validates-as-required form-control\" aria-required=\"true\" aria-invalid=\"false\" placeholder=\"Nombre (requerido)\" \/><\/span>\n<\/div>\n<div class=\"col-md-6 margin-bot-30\">\n<span class=\"wpcf7-form-control-wrap your-company\"><input type=\"text\" name=\"your-company\" value=\"\" size=\"40\" class=\"wpcf7-form-control wpcf7-text form-control\" aria-invalid=\"false\" placeholder=\"Compa\u00f1ia\" \/><\/span>\n<\/div>\n<div class=\"col-md-6 margin-bot-30\">\n<span class=\"wpcf7-form-control-wrap your-phone\"><input type=\"tel\" name=\"your-phone\" value=\"\" size=\"40\" class=\"wpcf7-form-control wpcf7-text wpcf7-tel wpcf7-validates-as-required wpcf7-validates-as-tel form-control\" aria-required=\"true\" aria-invalid=\"false\" placeholder=\"Tel\u00e9fono (requerido)\" \/><\/span>\n<\/div>\n<div class=\"col-md-6 margin-bot-30\">\n<span class=\"wpcf7-form-control-wrap your-email\"><input type=\"email\" name=\"your-email\" value=\"\" size=\"40\" class=\"wpcf7-form-control wpcf7-text wpcf7-email wpcf7-validates-as-required wpcf7-validates-as-email form-control\" aria-required=\"true\" aria-invalid=\"false\" placeholder=\"Correo (requerido)\" \/><\/span>\n<\/div>\n<div class=\"col-md-6 margin-bot-30\">\n<span class=\"wpcf7-form-control-wrap your-city\"><input type=\"text\" name=\"your-city\" value=\"\" size=\"40\" class=\"wpcf7-form-control wpcf7-text wpcf7-validates-as-required form-control\" aria-required=\"true\" aria-invalid=\"false\" placeholder=\"Ciudad (requerido)\" \/><\/span>\n<\/div>\n<div class=\"col-md-6 margin-bot-30\">\n<span class=\"wpcf7-form-control-wrap your-subject\"><input type=\"text\" name=\"your-subject\" value=\"\" size=\"40\" class=\"wpcf7-form-control wpcf7-text form-control\" aria-invalid=\"false\" placeholder=\"Asunto\" \/><\/span>\n<\/div>\n<div class=\"col-md-12 margin-bot-30\">\n<span class=\"wpcf7-form-control-wrap your-message\"><textarea name=\"your-message\" cols=\"40\" rows=\"10\" class=\"wpcf7-form-control wpcf7-textarea form-control\" aria-invalid=\"false\" placeholder=\"Mensaje\"><\/textarea><\/span>\n<\/div>\n<div class=\"col-md-12\">\n<input type=\"submit\" value=\"Enviar Solictud\" class=\"wpcf7-form-control wpcf7-submit form-control btn btn-custom\" \/>\n<\/div>\n<\/div>\n<div class=\"wpcf7-response-output wpcf7-display-none\"><\/div><\/form><\/div>[\/vc_column_inner][\/vc_row_inner][\/vc_column][\/vc_row]<\/p>\n","protected":false},"excerpt":{"rendered":"<p>[vc_row fullwidth=&#8221;yes&#8221; css=&#8221;.vc_custom_1456216676316{padding-top: 0px !important;padding-bottom: 0px !important;background-image: url(https:\/\/tgo.mx\/wp-content\/uploads\/2016\/02\/bg_2.jpg?id=313) !important;}&#8221;][vc_column][\/vc_column][\/vc_row][vc_row el_id=&#8221;ac&#8221; el_class=&#8221;ac&#8221;][vc_column width=&#8221;1\/3&#8243;][\/vc_column][vc_column width=&#8221;1\/3&#8243;][\/vc_column][vc_column width=&#8221;1\/3&#8243;][\/vc_column][\/vc_row][vc_row img_halfrow=&#8221;yes&#8221; halfrow_image=&#8221;492&#8243; img_columns=&#8221;6columns&#8221; img_position=&#8221;imgright&#8221; css=&#8221;.vc_custom_1585178117313{background-color: #d03232 !important;}&#8221;][vc_column offset=&#8221;vc_col-md-5&#8243;][\/vc_column][\/vc_row][vc_row el_id=&#8221;cl&#8221; el_class=&#8221;cl&#8221;][vc_column width=&#8221;1\/3&#8243; animate=&#8221;fadinright&#8221; delay=&#8221;.2&#8243; duration=&#8221;.5&#8243; offset=&#8221;vc_col-md-2 vc_col-xs-4&#8243;][vc_single_image image=&#8221;494&#8243; img_size=&#8221;full&#8221; css=&#8221;.vc_custom_1585181631097{margin-bottom: 0px !important;}&#8221;][\/vc_column][vc_column width=&#8221;1\/3&#8243; animate=&#8221;fadinright&#8221; delay=&#8221;.5&#8243; duration=&#8221;.5&#8243; offset=&#8221;vc_col-md-2 vc_col-xs-4&#8243;][vc_single_image image=&#8221;571&#8243; img_size=&#8221;full&#8221; css=&#8221;.vc_custom_1647555908950{margin-bottom: 0px !important;}&#8221;][\/vc_column][vc_column width=&#8221;1\/3&#8243; animate=&#8221;fadinright&#8221; delay=&#8221;.8&#8243; duration=&#8221;.5&#8243; offset=&#8221;vc_col-md-2 vc_col-xs-4&#8243;][vc_single_image image=&#8221;574&#8243; img_size=&#8221;full&#8221; css=&#8221;.vc_custom_1647556009413{margin-bottom: [&hellip;]<\/p>\n","protected":false},"author":1,"featured_media":0,"parent":0,"menu_order":0,"comment_status":"closed","ping_status":"closed","template":"page-templates\/template-canvas.php","meta":[],"_links":{"self":[{"href":"https:\/\/tgo.mx\/index.php?rest_route=\/wp\/v2\/pages\/301"}],"collection":[{"href":"https:\/\/tgo.mx\/index.php?rest_route=\/wp\/v2\/pages"}],"about":[{"href":"https:\/\/tgo.mx\/index.php?rest_route=\/wp\/v2\/types\/page"}],"author":[{"embeddable":true,"href":"https:\/\/tgo.mx\/index.php?rest_route=\/wp\/v2\/users\/1"}],"replies":[{"embeddable":true,"href":"https:\/\/tgo.mx\/index.php?rest_route=%2Fwp%2Fv2%2Fcomments&post=301"}],"version-history":[{"count":32,"href":"https:\/\/tgo.mx\/index.php?rest_route=\/wp\/v2\/pages\/301\/revisions"}],"predecessor-version":[{"id":575,"href":"https:\/\/tgo.mx\/index.php?rest_route=\/wp\/v2\/pages\/301\/revisions\/575"}],"wp:attachment":[{"href":"https:\/\/tgo.mx\/index.php?rest_route=%2Fwp%2Fv2%2Fmedia&parent=301"}],"curies":[{"name":"wp","href":"https:\/\/api.w.org\/{rel}","templated":true}]}}